{"id":11,"date":"2025-01-16T16:41:13","date_gmt":"2025-01-16T16:41:13","guid":{"rendered":"https:\/\/anouchian.com\/?page_id=11"},"modified":"2026-01-26T17:16:05","modified_gmt":"2026-01-26T17:16:05","slug":"https-anouchian-com-accueil","status":"publish","type":"page","link":"https:\/\/anouchian.com\/hyw\/","title":{"rendered":"Accueil"},"content":{"rendered":"<p><img loading=\"lazy\" decoding=\"async\" class=\"size-full wp-image-53\" src=\"https:\/\/anouchian.com\/wp-content\/uploads\/2025\/01\/logo.jpg\" alt=\"\" width=\"150\" height=\"170\" \/><\/p>\n<p style=\"text-align: left;\"><span style=\"font-size: medium;\">Ce site pourrait s\u2019appeler \u00ab\u00a0arm\u00e9naganoutioun\u00a0\u00bb , je n&rsquo;ai pas trouv\u00e9 de traduction exact \u00e0 ce n\u00e9ologisme, le mot est le prolongement du mot \u00ab\u00a0Armenagan\u00a0\u00bb.\u00a0 \u00ab\u00a0Armenagan\u00a0\u00bb fut le premier parti politique arm\u00e9nien, aujourd\u2019hui le parti a chang\u00e9 de nom, du moins en France, ce qui me laisse la possibilit\u00e9 de l&#8217;emprunter, surtout qu&rsquo;un de mes pr\u00e9noms est Armen. <\/span><\/p>\n<p style=\"text-align: left;\"><span style=\"font-size: medium;\">\u00c0 lui seul, ce mot est tout un programme, il couvre toutes les facettes de \u00abl&rsquo;arm\u00e9nit\u00e9\u00bb qui va de son peuple, son histoire, sa langue, son \u00e9criture propre, son \u00e9glise, ses coutumes, sa gastronomie, son art et sa culture dans sa totalit\u00e9.<\/span><\/p>\n<p style=\"text-align: left;\"><span style=\"font-size: medium;\">Permettez moi<\/span><span style=\"font-size: medium;\">\u00a0de signer mes textes de mon \u00ab\u00a0pseudo programme\u00a0\u00bb: Armenagan.<\/span><\/p>\n<p style=\"text-align: left;\">Je vous invite \u00e0 visiter ces quelques sites et pourquoi pas, \u00e0 vous exprimer sur les forums.<\/p>\n<p style=\"text-align: left;\">Armenagan<\/p>\n<p style=\"text-align: left;\"><div class=\"gglcptch gglcptch_v3\"><input type=\"hidden\" id=\"g-recaptcha-response\" name=\"g-recaptcha-response\" \/><br \/><div class=\"gglcptch_error_text\">The reCAPTCHA verification period has expired. Please reload the page.<\/div><\/div><\/p>","protected":false},"excerpt":{"rendered":"<p>Ce site pourrait s\u2019appeler \u00ab\u00a0arm\u00e9naganoutioun\u00a0\u00bb , je n&rsquo;ai pas trouv\u00e9 de traduction exact \u00e0 ce n\u00e9ologisme, le mot est le prolongement du mot \u00ab\u00a0Armenagan\u00a0\u00bb.\u00a0 \u00ab\u00a0Armenagan\u00a0\u00bb fut le premier parti politique arm\u00e9nien, aujourd\u2019hui le parti a chang\u00e9 de nom, du moins en France, ce qui me laisse la possibilit\u00e9 de l&#8217;emprunter, surtout qu&rsquo;un de mes pr\u00e9noms&hellip;&nbsp;<\/p>","protected":false},"author":1,"featured_media":0,"parent":0,"menu_order":0,"comment_status":"closed","ping_status":"closed","template":"","meta":{"neve_meta_sidebar":"","neve_meta_container":"","neve_meta_enable_content_width":"","neve_meta_content_width":0,"neve_meta_title_alignment":"","neve_meta_author_avatar":"","neve_post_elements_order":"","neve_meta_disable_header":"","neve_meta_disable_footer":"","neve_meta_disable_title":"","footnotes":""},"class_list":["post-11","page","type-page","status-publish","hentry"],"yoast_head":"<!-- This site is optimized with the Yoast SEO plugin v24.4 - https:\/\/yoast.com\/wordpress\/plugins\/seo\/ -->\n<title>Accueil - Armenia-\u0540\u0561\u0575\u0561\u057d\u057f\u0561\u0576<\/title>\n<meta name=\"description\" content=\"Ce site pourrait s\u2019appeler &quot;arm\u00e9naganoutioun&quot; , je n&#039;ai pas trouv\u00e9 de traduction exact \u00e0 ce n\u00e9ologisme, c&#039;est le prolongement de Armenagan\" \/>\n<meta name=\"robots\" content=\"index, follow, max-snippet:-1, max-image-preview:large, max-video-preview:-1\" \/>\n<link rel=\"canonical\" href=\"https:\/\/anouchian.com\/hyw\/\" \/>\n<meta property=\"og:locale\" content=\"en_US\" \/>\n<meta property=\"og:type\" content=\"article\" \/>\n<meta property=\"og:title\" content=\"Accueil - Armenia-\u0540\u0561\u0575\u0561\u057d\u057f\u0561\u0576\" \/>\n<meta property=\"og:description\" content=\"Ce site pourrait s\u2019appeler &quot;arm\u00e9naganoutioun&quot; , je n&#039;ai pas trouv\u00e9 de traduction exact \u00e0 ce n\u00e9ologisme, c&#039;est le prolongement de Armenagan\" \/>\n<meta property=\"og:url\" content=\"https:\/\/anouchian.com\/hyw\/\" \/>\n<meta property=\"og:site_name\" content=\"Armenia-\u0540\u0561\u0575\u0561\u057d\u057f\u0561\u0576\" \/>\n<meta property=\"article:modified_time\" content=\"2026-01-26T17:16:05+00:00\" \/>\n<meta property=\"og:image\" content=\"https:\/\/anouchian.com\/wp-content\/uploads\/2025\/01\/logo.jpg\" \/>\n\t<meta property=\"og:image:width\" content=\"150\" \/>\n\t<meta property=\"og:image:height\" content=\"170\" \/>\n\t<meta property=\"og:image:type\" content=\"image\/jpeg\" \/>\n<meta name=\"twitter:card\" content=\"summary_large_image\" \/>\n<meta name=\"twitter:label1\" content=\"Est. reading time\" \/>\n\t<meta name=\"twitter:data1\" content=\"1 minute\" \/>\n<script type=\"application\/ld+json\" class=\"yoast-schema-graph\">{\"@context\":\"https:\/\/schema.org\",\"@graph\":[{\"@type\":\"WebPage\",\"@id\":\"https:\/\/anouchian.com\/\",\"url\":\"https:\/\/anouchian.com\/\",\"name\":\"Accueil - Armenia-\u0540\u0561\u0575\u0561\u057d\u057f\u0561\u0576\",\"isPartOf\":{\"@id\":\"https:\/\/anouchian.com\/#website\"},\"primaryImageOfPage\":{\"@id\":\"https:\/\/anouchian.com\/#primaryimage\"},\"image\":{\"@id\":\"https:\/\/anouchian.com\/#primaryimage\"},\"thumbnailUrl\":\"https:\/\/anouchian.com\/wp-content\/uploads\/2025\/01\/logo.jpg\",\"datePublished\":\"2025-01-16T16:41:13+00:00\",\"dateModified\":\"2026-01-26T17:16:05+00:00\",\"description\":\"Ce site pourrait s\u2019appeler \\\"arm\u00e9naganoutioun\\\" , je n'ai pas trouv\u00e9 de traduction exact \u00e0 ce n\u00e9ologisme, c'est le prolongement de Armenagan\",\"breadcrumb\":{\"@id\":\"https:\/\/anouchian.com\/#breadcrumb\"},\"inLanguage\":\"hy-AM\",\"potentialAction\":[{\"@type\":\"ReadAction\",\"target\":[\"https:\/\/anouchian.com\/\"]}]},{\"@type\":\"ImageObject\",\"inLanguage\":\"hy-AM\",\"@id\":\"https:\/\/anouchian.com\/#primaryimage\",\"url\":\"https:\/\/anouchian.com\/wp-content\/uploads\/2025\/01\/logo.jpg\",\"contentUrl\":\"https:\/\/anouchian.com\/wp-content\/uploads\/2025\/01\/logo.jpg\"},{\"@type\":\"BreadcrumbList\",\"@id\":\"https:\/\/anouchian.com\/#breadcrumb\",\"itemListElement\":[{\"@type\":\"ListItem\",\"position\":1,\"name\":\"Accueil\",\"item\":\"https:\/\/anouchian.com\/\"},{\"@type\":\"ListItem\",\"position\":2,\"name\":\"Accueil\"}]},{\"@type\":\"WebSite\",\"@id\":\"https:\/\/anouchian.com\/#website\",\"url\":\"https:\/\/anouchian.com\/\",\"name\":\"Armenia-\u0540\u0561\u0575\u0561\u057d\u057f\u0561\u0576\",\"description\":\"L&#039;Arm\u00e9nie d&#039;hier et d&#039;aujourd&#039;hui.\",\"potentialAction\":[{\"@type\":\"SearchAction\",\"target\":{\"@type\":\"EntryPoint\",\"urlTemplate\":\"https:\/\/anouchian.com\/?s={search_term_string}\"},\"query-input\":{\"@type\":\"PropertyValueSpecification\",\"valueRequired\":true,\"valueName\":\"search_term_string\"}}],\"inLanguage\":\"hy-AM\"}]}<\/script>\n<!-- \/ Yoast SEO plugin. -->","yoast_head_json":{"title":"Accueil - Armenia-\u0540\u0561\u0575\u0561\u057d\u057f\u0561\u0576","description":"Ce site pourrait s\u2019appeler \"arm\u00e9naganoutioun\" , je n'ai pas trouv\u00e9 de traduction exact \u00e0 ce n\u00e9ologisme, c'est le prolongement de Armenagan","robots":{"index":"index","follow":"follow","max-snippet":"max-snippet:-1","max-image-preview":"max-image-preview:large","max-video-preview":"max-video-preview:-1"},"canonical":"https:\/\/anouchian.com\/hyw\/","og_locale":"en_US","og_type":"article","og_title":"Accueil - Armenia-\u0540\u0561\u0575\u0561\u057d\u057f\u0561\u0576","og_description":"Ce site pourrait s\u2019appeler \"arm\u00e9naganoutioun\" , je n'ai pas trouv\u00e9 de traduction exact \u00e0 ce n\u00e9ologisme, c'est le prolongement de Armenagan","og_url":"https:\/\/anouchian.com\/hyw\/","og_site_name":"Armenia-\u0540\u0561\u0575\u0561\u057d\u057f\u0561\u0576","article_modified_time":"2026-01-26T17:16:05+00:00","og_image":[{"width":150,"height":170,"url":"https:\/\/anouchian.com\/wp-content\/uploads\/2025\/01\/logo.jpg","type":"image\/jpeg"}],"twitter_card":"summary_large_image","twitter_misc":{"Est. reading time":"1 minute"},"schema":{"@context":"https:\/\/schema.org","@graph":[{"@type":"WebPage","@id":"https:\/\/anouchian.com\/","url":"https:\/\/anouchian.com\/","name":"Accueil - Armenia-\u0540\u0561\u0575\u0561\u057d\u057f\u0561\u0576","isPartOf":{"@id":"https:\/\/anouchian.com\/#website"},"primaryImageOfPage":{"@id":"https:\/\/anouchian.com\/#primaryimage"},"image":{"@id":"https:\/\/anouchian.com\/#primaryimage"},"thumbnailUrl":"https:\/\/anouchian.com\/wp-content\/uploads\/2025\/01\/logo.jpg","datePublished":"2025-01-16T16:41:13+00:00","dateModified":"2026-01-26T17:16:05+00:00","description":"Ce site pourrait s\u2019appeler \"arm\u00e9naganoutioun\" , je n'ai pas trouv\u00e9 de traduction exact \u00e0 ce n\u00e9ologisme, c'est le prolongement de Armenagan","breadcrumb":{"@id":"https:\/\/anouchian.com\/#breadcrumb"},"inLanguage":"hy-AM","potentialAction":[{"@type":"ReadAction","target":["https:\/\/anouchian.com\/"]}]},{"@type":"ImageObject","inLanguage":"hy-AM","@id":"https:\/\/anouchian.com\/#primaryimage","url":"https:\/\/anouchian.com\/wp-content\/uploads\/2025\/01\/logo.jpg","contentUrl":"https:\/\/anouchian.com\/wp-content\/uploads\/2025\/01\/logo.jpg"},{"@type":"BreadcrumbList","@id":"https:\/\/anouchian.com\/#breadcrumb","itemListElement":[{"@type":"ListItem","position":1,"name":"Accueil","item":"https:\/\/anouchian.com\/"},{"@type":"ListItem","position":2,"name":"Accueil"}]},{"@type":"WebSite","@id":"https:\/\/anouchian.com\/#website","url":"https:\/\/anouchian.com\/","name":"Armenia-\u0540\u0561\u0575\u0561\u057d\u057f\u0561\u0576","description":"L&#039;Arm\u00e9nie d&#039;hier et d&#039;aujourd&#039;hui.","potentialAction":[{"@type":"SearchAction","target":{"@type":"EntryPoint","urlTemplate":"https:\/\/anouchian.com\/?s={search_term_string}"},"query-input":{"@type":"PropertyValueSpecification","valueRequired":true,"valueName":"search_term_string"}}],"inLanguage":"hy-AM"}]}},"_links":{"self":[{"href":"https:\/\/anouchian.com\/hyw\/wp-json\/wp\/v2\/pages\/11","targetHints":{"allow":["GET"]}}],"collection":[{"href":"https:\/\/anouchian.com\/hyw\/wp-json\/wp\/v2\/pages"}],"about":[{"href":"https:\/\/anouchian.com\/hyw\/wp-json\/wp\/v2\/types\/page"}],"author":[{"embeddable":true,"href":"https:\/\/anouchian.com\/hyw\/wp-json\/wp\/v2\/users\/1"}],"replies":[{"embeddable":true,"href":"https:\/\/anouchian.com\/hyw\/wp-json\/wp\/v2\/comments?post=11"}],"version-history":[{"count":14,"href":"https:\/\/anouchian.com\/hyw\/wp-json\/wp\/v2\/pages\/11\/revisions"}],"predecessor-version":[{"id":222,"href":"https:\/\/anouchian.com\/hyw\/wp-json\/wp\/v2\/pages\/11\/revisions\/222"}],"wp:attachment":[{"href":"https:\/\/anouchian.com\/hyw\/wp-json\/wp\/v2\/media?parent=11"}],"curies":[{"name":"wp","href":"https:\/\/api.w.org\/{rel}","templated":true}]}}